{"id":14,"date":"2016-07-26T11:23:48","date_gmt":"2016-07-26T10:23:48","guid":{"rendered":"http:\/\/pfmdebretagne.com\/?page_id=14"},"modified":"2016-11-23T09:20:10","modified_gmt":"2016-11-23T08:20:10","slug":"services-2","status":"publish","type":"page","link":"https:\/\/pfmbrestoise.com\/?page_id=14","title":{"rendered":"Services"},"content":{"rendered":"<h4 style=\"text-align: justify;\">Nous\u00a0accompagnons les familles et vous proposons nos services pour l&rsquo;inhumation ou le rapatriement de votre d\u00e9funt.<\/h4>\n<h4 style=\"text-align: justify;\">Nos conseillers fun\u00e9raires organisent, avec vous, les obs\u00e8ques et restent \u00e0 votre \u00e9coute jusqu&rsquo;au jour de l&rsquo;inhumation ou du d\u00e9part.<\/h4>\n","protected":false},"excerpt":{"rendered":"<p>Nous\u00a0accompagnons les familles et vous proposons nos services pour l&rsquo;inhumation <a class=\"more-link\" href=\"https:\/\/pfmbrestoise.com\/?page_id=14\">Lire plus &#8230;<\/a><\/p>\n","protected":false},"author":1,"featured_media":145,"parent":0,"menu_order":0,"comment_status":"closed","ping_status":"closed","template":"","meta":{"spay_email":""},"jetpack_sharing_enabled":true,"jetpack_shortlink":"https:\/\/wp.me\/P7N8RK-e","_links":{"self":[{"href":"https:\/\/pfmbrestoise.com\/index.php?rest_route=\/wp\/v2\/pages\/14"}],"collection":[{"href":"https:\/\/pfmbrestoise.com\/index.php?rest_route=\/wp\/v2\/pages"}],"about":[{"href":"https:\/\/pfmbrestoise.com\/index.php?rest_route=\/wp\/v2\/types\/page"}],"author":[{"embeddable":true,"href":"https:\/\/pfmbrestoise.com\/index.php?rest_route=\/wp\/v2\/users\/1"}],"replies":[{"embeddable":true,"href":"https:\/\/pfmbrestoise.com\/index.php?rest_route=%2Fwp%2Fv2%2Fcomments&post=14"}],"version-history":[{"count":6,"href":"https:\/\/pfmbrestoise.com\/index.php?rest_route=\/wp\/v2\/pages\/14\/revisions"}],"predecessor-version":[{"id":175,"href":"https:\/\/pfmbrestoise.com\/index.php?rest_route=\/wp\/v2\/pages\/14\/revisions\/175"}],"wp:featuredmedia":[{"embeddable":true,"href":"https:\/\/pfmbrestoise.com\/index.php?rest_route=\/wp\/v2\/media\/145"}],"wp:attachment":[{"href":"https:\/\/pfmbrestoise.com\/index.php?rest_route=%2Fwp%2Fv2%2Fmedia&parent=14"}],"curies":[{"name":"wp","href":"https:\/\/api.w.org\/{rel}","templated":true}]}}