{"id":284,"date":"2021-06-24T22:44:26","date_gmt":"2021-06-24T21:44:26","guid":{"rendered":"http:\/\/pfmbrestoise.com\/?page_id=284"},"modified":"2025-01-08T13:47:37","modified_gmt":"2025-01-08T12:47:37","slug":"mentions-legales","status":"publish","type":"page","link":"https:\/\/pfmbrestoise.com\/?page_id=284","title":{"rendered":"Mentions l\u00e9gales"},"content":{"rendered":"\n<h4>1. Informations relatives \u00e0 l\u2019h\u00e9bergeur<\/h4>\n\n\n\n<p>Raison sociale&nbsp;:&nbsp;Wordpress<br>Adresse du si\u00e8ge social :&nbsp;2 rue Kellermann \u2013 59100 Roubaix \u2013 France.<br>Site internet : https:\/\/wordpress.com\/fr\/<\/p>\n\n\n\n<h4>2. Informations relatives \u00e0 l\u2019\u00e9diteur<\/h4>\n\n\n\n<p><strong><u>Raison sociale<\/u>&nbsp;<\/strong>:&nbsp;&nbsp;<strong>Pompes Fun\u00e8bres M\u00e9tropole Brestoise (ci-nomm\u00e9e apr\u00e8s \u00ab&nbsp;LA SOCI\u00c9T\u00c9&nbsp;\u00bb)<\/strong><\/p>\n\n\n\n<p><strong><u>Entit\u00e9 juridique et statut<\/u><\/strong>:&nbsp;<strong>SASU Pompes Fun\u00e8bres M\u00e9tropole Brestoise.&nbsp;Au capital de 100,00 \u20ac<\/strong><\/p>\n\n\n\n<p><strong>Adresse<\/strong>&nbsp;:&nbsp;<strong>30 rue victor Eusen, 29200, Brest<\/strong><\/p>\n\n\n\n<p><strong>T\u00e9l\u00e9phone<\/strong>&nbsp;:&nbsp;<strong>06 64 84 35 91<\/strong><\/p>\n\n\n\n<p><strong>E-mail<\/strong>&nbsp;:&nbsp;<strong>pfmbrestoise@hotmail.com<\/strong><\/p>\n\n\n\n<p><\/p>\n\n\n\n<p><strong>N\u00b0 Habilitation<\/strong>&nbsp;:<\/p>\n\n\n\n<p><strong>Brest : 25-29-0211 \u2013 D\u00e9livr\u00e9 par la pr\u00e9fecture du Finist\u00e8re : 9 avenue de la r\u00e9publique, 29600 Morlaix<\/strong><\/p>\n\n\n\n<p><strong>TVA Intracommunautaire<\/strong>&nbsp;:&nbsp;<strong>FR78831887542<\/strong><\/p>\n\n\n\n<h4>3. Conditions d\u2019utilisation<\/h4>\n\n\n\n<p>Le site est accessible par l\u2019url&nbsp;<strong>https:\/\/www.pfmbrestoise.com<\/strong><br>Son utilisation est r\u00e9gie par les pr\u00e9sentes conditions g\u00e9n\u00e9rales. En utilisant le site, vous reconnaissez avoir pris connaissance de ces conditions et les avoir accept\u00e9es. Celles-ci pourront \u00eatre modifi\u00e9es \u00e0 tout moment et sans pr\u00e9avis par LA SOCI\u00c9T\u00c9.<br>LA SOCI\u00c9T\u00c9.&nbsp;ne saurait \u00eatre tenue pour responsable en aucune mani\u00e8re d\u2019une mauvaise utilisation du service.<\/p>\n\n\n\n<h4>4. Limitation de la responsabilit\u00e9<\/h4>\n\n\n\n<p>Les informations contenues sur ce site sont aussi pr\u00e9cises que possible et le site est p\u00e9riodiquement remis \u00e0 jour, mais peut toutefois contenir des inexactitudes, des omissions ou des lacunes. Si vous constatez une erreur ou ce qui peut \u00eatre un dysfonctionnement, merci de bien vouloir le signaler par email en d\u00e9crivant le probl\u00e8me de la mani\u00e8re la plus pr\u00e9cise possible.<br>Tout contenu t\u00e9l\u00e9charg\u00e9 se fait aux risques et p\u00e9rils de l\u2019utilisateur et sous sa seule responsabilit\u00e9. En cons\u00e9quence, LA SOCI\u00c9T\u00c9. ne saurait \u00eatre tenu responsable d\u2019un quelconque dommage subi par l\u2019ordinateur de l\u2019utilisateur ou d\u2019une quelconque perte de donn\u00e9es cons\u00e9cutives au t\u00e9l\u00e9chargement. Les photos sont pr\u00e9-contractuelles.<br>Les liens hypertextes mis en place sur ce site internet en direction d\u2019autres sites internet ne sauraient engager la responsabilit\u00e9 de LA SOCI\u00c9T\u00c9..<\/p>\n\n\n\n<h4>5. Litiges<\/h4>\n\n\n\n<p>Les pr\u00e9sentes conditions sont r\u00e9gies par les lois fran\u00e7aises et toute contestation ou litige qui pourrait na\u00eetre de l\u2019interpr\u00e9tation ou de l\u2019ex\u00e9cution de celles-ci seront de la comp\u00e9tence des tribunaux dont d\u00e9pend le si\u00e8ge social de la soci\u00e9t\u00e9 LA SOCI\u00c9T\u00c9 ou le Client peut saisir, soit l\u2019une des juridictions territorialement comp\u00e9tentes en vertu du code de proc\u00e9dure civile, soit la juridiction du lieu o\u00f9 il demeurait au moment de la conclusion du contrat ou de la survenance du fait dommageable. La langue de r\u00e9f\u00e9rence, pour le r\u00e8glement de contentieux \u00e9ventuels, est le fran\u00e7ais.<\/p>\n\n\n\n<h4>6. Donn\u00e9es personnelles<\/h4>\n\n\n\n<p>En application de la loi informatique et libert\u00e9s, les internautes disposent d\u2019un droit d\u2019acc\u00e8s, de rectification, de modification et de suppression concernant les donn\u00e9es qui les concernent personnellement. Ce droit peut \u00eatre exerc\u00e9 par voie postale aupr\u00e8s de LA SOCI\u00c9T\u00c9 \u00e0 l\u2019adresse postale mentionn\u00e9e plus haut dans les informations relatives \u00e0 l\u2019\u00e9diteur ou par voie \u00e9lectronique \u00e0 l\u2019adresse email mentionn\u00e9e plus haut dans les informations relatives \u00e0 l\u2019\u00e9diteur.<br>Les informations personnelles collect\u00e9es sont confidentielles et ne sont en aucun cas transmises \u00e0 des tiers hormis pour l\u2019\u00e9ventuelle bonne ex\u00e9cution de la prestation command\u00e9e par l\u2019internaute. En vertu de la loi n\u00b0 2000-719 du 1er ao\u00fbt 2000, les coordonn\u00e9es d\u00e9clar\u00e9es par l\u2019acheteur pourront \u00eatre communiqu\u00e9es sur r\u00e9quisition des autorit\u00e9s judiciaires.<\/p>\n\n\n\n<h4>7. RGPD<\/h4>\n\n\n\n<p>Ce site a fait l\u2019objet d\u2019une nomination \u00e0 la CNIL d\u2019un d\u00e9l\u00e9gu\u00e9 \u00e0 la protection des donn\u00e9es (DPO).<\/p>\n\n\n\n<h4>8. Propri\u00e9t\u00e9 intellectuelle<\/h4>\n\n\n\n<p>Tout le contenu du pr\u00e9sent site, incluant, de fa\u00e7on non limitative, les graphismes, images, textes, vid\u00e9os, animations, sons, logos, gifs et ic\u00f4nes ainsi que leur mise en forme sont la propri\u00e9t\u00e9 exclusive de LA SOCI\u00c9T\u00c9 \u00e0 l\u2019exception des marques, logos ou contenus appartenant \u00e0 d\u2019autres soci\u00e9t\u00e9s partenaires ou auteurs.<br>Toute reproduction, distribution, modification, adaptation, retransmission ou publication, m\u00eame partielle, de ces diff\u00e9rents \u00e9l\u00e9ments est strictement interdite sans l\u2019accord express par \u00e9crit de LA SOCI\u00c9T\u00c9.<\/p>\n\n\n\n<h4>9. Cookies<\/h4>\n\n\n\n<p>Pour des besoins de statistiques et d\u2019affichage, le pr\u00e9sent site utilise des cookies. Il s\u2019agit de petits fichiers textes stock\u00e9s sur votre disque dur afin d\u2019enregistrer des donn\u00e9es techniques sur votre navigation. Certaines parties de ce site ne peuvent \u00eatre fonctionnelles sans l\u2019acceptation de cookies.<\/p>\n\n\n\n<h4>10. Opposition aux d\u00e9marches t\u00e9l\u00e9phoniques<\/h4>\n\n\n\n<p>Nous vous informons de l\u2019existence de la liste d\u2019opposition au d\u00e9marchage t\u00e9l\u00e9phonique \u00ab Bloctel \u00bb, sur laquelle vous pouvez vous inscrire ici :&nbsp;<a href=\"https:\/\/conso.bloctel.fr\/\">https:\/\/conso.bloctel.fr\/<\/a>&nbsp;Ce mod\u00e8le sera ult\u00e9rieurement compl\u00e9t\u00e9 par l\u2019information concernant les directives relatives au sort des donn\u00e9es \u00e0 caract\u00e8re personnel apr\u00e8s la mort (article 32-I-6\u00b0 de la loi du 6 janvier 1978 modifi\u00e9e).<\/p>\n\n\n\n<h4>11. Prestataire technique<\/h4>\n\n\n\n<p>Les prestations techniques sont assur\u00e9es par&nbsp;SIMPLIFIA SAS au capital de 148.330\u20ac Immatricul\u00e9e au registre du commerce et des soci\u00e9t\u00e9s de Lyon le 12 avril 2011, sous le num\u00e9ro 531 293 264 R.C.S Lyon. et dont le si\u00e8ge est situ\u00e9 au 39, avenue Sidoine Apollinaire 69009 Lyon.<\/p>\n\n\n\n<h4>12. M\u00e9diation de la consommation<\/h4>\n\n\n\n<p>En cas de d\u00e9saccord avec la r\u00e9ponse apport\u00e9e par le professionnel \u00e0 une r\u00e9clamation, le client-consommateur peut, dans les conditions pr\u00e9vues aux articles L612-1 et suivants du Code de la Consommation, saisir, par voie postale ou par courriel, le M\u00e9diateur de la Consommation des Professions Fun\u00e9raires<\/p>\n\n\n\n<p>\u2013 en \u00e9crivant \u00e0 l\u2019adresse suivante : Le M\u00e9diateur de la Consommation des Professions Fun\u00e9raires : 14, Rue des Foss\u00e9s Saint-Marcel \u2013 75005 PARIS<br>ou<br>\u2013 en consultant le site internet du M\u00e9diateur de la Consommation des Professions Fun\u00e9raires et en utilisant le formulaire en ligne pr\u00e9vu \u00e0 cet effet :<br><a href=\"https:\/\/mediateurconso-servicesfuneraires.fr\/\" target=\"_blank\" rel=\"noreferrer noopener\">https:\/\/mediateurconso-servicesfuneraires.fr<\/a><\/p>\n\n\n\n<h4>13. Syst\u00e8me d\u2019avis laiss\u00e9s par les internautes<\/h4>\n\n\n\n<p>Les avis laiss\u00e9s par les internautes sont faits \u00e0 travers le service de \u201cGoogle Avis clients\u201d<br>https:\/\/support.google.com\/merchants\/answer\/7124319<br>Le Site utilise le service Google afin de faire remonter une partie des avis sur la page agence.Conform\u00e9ment \u00e0 l\u2019article L.111-7-2 puis \u00e0 son application par les articles D.111-17 \u00e0 19, voici les informations ici concernant le syst\u00e8me d\u2019avis :<\/p>\n\n\n\n<p><strong>A. Fonctionnement<\/strong><br>LA SOCI\u00c9T\u00c9 vous encourage \u00e0 laisser un avis sur la qualit\u00e9 de service et d\u2019\u00e9coute que ce soit pour une r\u00e9ception famille comme des fun\u00e9railles. Vous ne pouvez pas laissez un avis si vous n\u2019avez pas consomm\u00e9 de produits ou services de LA SOCI\u00c9T\u00c9.<br>Votre avis, sont visibles et publi\u00e9s sur Google d\u00e8s qu\u2019ils ont \u00e9t\u00e9 publi\u00e9. LA SOCI\u00c9T\u00c9 se r\u00e9serve le droit de r\u00e9pondre \u00e0 votre avis sans d\u00e9lai maximum. L\u2019avis et votre r\u00e9ponse, le cas \u00e9ch\u00e9ant, seront publi\u00e9s dans le fil de discussion de Google My Business de LA SOCI\u00c9T\u00c9.<\/p>\n\n\n\n<p><strong>B. Mod\u00e9ration<\/strong><br>Dans le cadre d\u2019une politique de transparence \u00e0 votre \u00e9gard, votre avis ne peut \u00eatre rejet\u00e9.<br>Toutefois, vous reconnaissez et acceptez que Google se r\u00e9serve la possibilit\u00e9 de supprimer tout avis, toute question, tout commentaire ou toute r\u00e9ponse dont elle jugerait le contenu contraire au droit Fran\u00e7ais.<\/p>\n\n\n\n<p><strong>C. Date des avis, leurs mises \u00e0 jours et classement<\/strong><br>LA SOCI\u00c9T\u00c9 utilisant le service tiers Google Avis Client, b\u00e9n\u00e9ficie \u00e0 ce titre des fonctionnalit\u00e9s comme la date de cr\u00e9ation et modification ainsi que du tri des avis par :<\/p>\n\n\n\n<ul><li>Les plus pertinents<\/li><li>Les plus r\u00e9cents<\/li><li>Les plus favorables<\/li><li>Les moins favorables<\/li><\/ul>\n\n\n\n<p><strong>D. Contrepartie<\/strong><br>En laissant un avis sur LA SOCI\u00c9T\u00c9 depuis le syst\u00e8me de Google Avis client, aucune contrepartie financi\u00e8re ne peut ou doit vous \u00eatre demand\u00e9. En cas contraire, nous vous invitons \u00e0 contacter le m\u00e9diateur et d\u2019apporter les preuves n\u00e9cessaires afin de r\u00e9gulariser la situation.E. D\u00e9lai de conservation des avis clients<br>Il n\u2019existe pas de d\u00e9lais maximum de conservation de vos avis clients. Conform\u00e9ment \u00e0 la l\u00e9galisation en vigueur, vous avez le droit de modifier ou supprimer votre avis \u00e0 tout moment depuis votre compte Google.<\/p>\n","protected":false},"excerpt":{"rendered":"<p>1. Informations relatives \u00e0 l\u2019h\u00e9bergeur Raison sociale&nbsp;:&nbsp;WordpressAdresse du si\u00e8ge social <a class=\"more-link\" href=\"https:\/\/pfmbrestoise.com\/?page_id=284\">Lire plus &#8230;<\/a><\/p>\n","protected":false},"author":1,"featured_media":0,"parent":0,"menu_order":0,"comment_status":"closed","ping_status":"closed","template":"","meta":{"spay_email":""},"jetpack_sharing_enabled":true,"jetpack_shortlink":"https:\/\/wp.me\/P7N8RK-4A","_links":{"self":[{"href":"https:\/\/pfmbrestoise.com\/index.php?rest_route=\/wp\/v2\/pages\/284"}],"collection":[{"href":"https:\/\/pfmbrestoise.com\/index.php?rest_route=\/wp\/v2\/pages"}],"about":[{"href":"https:\/\/pfmbrestoise.com\/index.php?rest_route=\/wp\/v2\/types\/page"}],"author":[{"embeddable":true,"href":"https:\/\/pfmbrestoise.com\/index.php?rest_route=\/wp\/v2\/users\/1"}],"replies":[{"embeddable":true,"href":"https:\/\/pfmbrestoise.com\/index.php?rest_route=%2Fwp%2Fv2%2Fcomments&post=284"}],"version-history":[{"count":5,"href":"https:\/\/pfmbrestoise.com\/index.php?rest_route=\/wp\/v2\/pages\/284\/revisions"}],"predecessor-version":[{"id":293,"href":"https:\/\/pfmbrestoise.com\/index.php?rest_route=\/wp\/v2\/pages\/284\/revisions\/293"}],"wp:attachment":[{"href":"https:\/\/pfmbrestoise.com\/index.php?rest_route=%2Fwp%2Fv2%2Fmedia&parent=284"}],"curies":[{"name":"wp","href":"https:\/\/api.w.org\/{rel}","templated":true}]}}