{"id":8,"date":"2016-07-26T11:21:47","date_gmt":"2016-07-26T10:21:47","guid":{"rendered":"http:\/\/pfmdebretagne.com\/?page_id=8"},"modified":"2019-11-17T18:17:43","modified_gmt":"2019-11-17T17:17:43","slug":"agence","status":"publish","type":"page","link":"https:\/\/pfmbrestoise.com\/?page_id=8","title":{"rendered":"Agence"},"content":{"rendered":"<h4><\/h4>\n<h4 style=\"text-align: justify;\"><span style=\"color: #3b3717;\">Notre agence cr\u00e9\u00e9e en septembre 2017 situ\u00e9e sur la ville\u00a0de Brest est la premi\u00e8re dans la r\u00e9gion Bretagne \u00e0\u00a0<\/span><span style=\"color: #3b3717;\">pouvoir proposer un accompagnement dans la gestion et\u00a0<\/span><span style=\"color: #3b3717;\">la pr\u00e9paration des obs\u00e8ques de nos d\u00e9funts selon le rite musulman et ceci du premier contact jusqu&rsquo;\u00e0 l&rsquo;inhumation locale ou le rapatriement au pays d&rsquo;origine&#8230;<\/span><\/h4>\n<p style=\"text-align: justify;\"><span style=\"font-size: 20px;\">Une \u00e9quipe professionnelle exp\u00e9riment\u00e9e et dipl\u00f4m\u00e9e dans le domaine du fun\u00e9raire est \u00e0 votre \u00e9coute pour vous accompagner dans vos choix.<\/span><\/p>\n<p style=\"text-align: justify;\"><span style=\"font-size: 20px;\">Nous intervenons sur toute le r\u00e9gion dans un d\u00e9lai de 24h apr\u00e8s le premier contact,\u00a0afin de r\u00e9pondre au mieux \u00e0 votre demande et vous aider \u00e0 personnaliser les obs\u00e8ques selon vos souhaits et les volont\u00e9s du d\u00e9funt.<\/span><\/p>\n<h4 style=\"text-align: center;\">\u00a0 \u00a0\u00a0 \u00a0\u00a0<img loading=\"lazy\" class=\"wp-image-261  alignleft\" src=\"http:\/\/pfmbrestoise.com\/wp-content\/uploads\/2019\/11\/2-1-300x225.jpg\" alt=\"\" width=\"301\" height=\"226\" srcset=\"https:\/\/pfmbrestoise.com\/wp-content\/uploads\/2019\/11\/2-1-300x225.jpg 300w, https:\/\/pfmbrestoise.com\/wp-content\/uploads\/2019\/11\/2-1-768x576.jpg 768w, https:\/\/pfmbrestoise.com\/wp-content\/uploads\/2019\/11\/2-1-1024x768.jpg 1024w\" sizes=\"(max-width: 301px) 100vw, 301px\" \/><img loading=\"lazy\" class=\"size-medium wp-image-257 alignright\" src=\"http:\/\/pfmbrestoise.com\/wp-content\/uploads\/2019\/11\/3-300x225.jpg\" alt=\"\" width=\"300\" height=\"225\" srcset=\"https:\/\/pfmbrestoise.com\/wp-content\/uploads\/2019\/11\/3-300x225.jpg 300w, https:\/\/pfmbrestoise.com\/wp-content\/uploads\/2019\/11\/3-768x576.jpg 768w, https:\/\/pfmbrestoise.com\/wp-content\/uploads\/2019\/11\/3-1024x768.jpg 1024w\" sizes=\"(max-width: 300px) 100vw, 300px\" \/><\/h4>\n<p>&nbsp;<\/p>\n<p>&nbsp;<\/p>\n<p>&nbsp;<\/p>\n<p>&nbsp;<\/p>\n<p><img loading=\"lazy\" class=\"wp-image-268  aligncenter\" src=\"http:\/\/pfmbrestoise.com\/wp-content\/uploads\/2019\/11\/1-300x136.jpg\" alt=\"\" width=\"505\" height=\"229\" srcset=\"https:\/\/pfmbrestoise.com\/wp-content\/uploads\/2019\/11\/1-300x136.jpg 300w, https:\/\/pfmbrestoise.com\/wp-content\/uploads\/2019\/11\/1-768x347.jpg 768w, https:\/\/pfmbrestoise.com\/wp-content\/uploads\/2019\/11\/1-1024x463.jpg 1024w\" sizes=\"(max-width: 505px) 100vw, 505px\" \/><\/p>\n","protected":false},"excerpt":{"rendered":"<p>Notre agence cr\u00e9\u00e9e en septembre 2017 situ\u00e9e sur la ville\u00a0de <a class=\"more-link\" href=\"https:\/\/pfmbrestoise.com\/?page_id=8\">Lire plus &#8230;<\/a><\/p>\n","protected":false},"author":1,"featured_media":144,"parent":0,"menu_order":0,"comment_status":"closed","ping_status":"closed","template":"","meta":{"spay_email":""},"jetpack_sharing_enabled":true,"jetpack_shortlink":"https:\/\/wp.me\/P7N8RK-8","_links":{"self":[{"href":"https:\/\/pfmbrestoise.com\/index.php?rest_route=\/wp\/v2\/pages\/8"}],"collection":[{"href":"https:\/\/pfmbrestoise.com\/index.php?rest_route=\/wp\/v2\/pages"}],"about":[{"href":"https:\/\/pfmbrestoise.com\/index.php?rest_route=\/wp\/v2\/types\/page"}],"author":[{"embeddable":true,"href":"https:\/\/pfmbrestoise.com\/index.php?rest_route=\/wp\/v2\/users\/1"}],"replies":[{"embeddable":true,"href":"https:\/\/pfmbrestoise.com\/index.php?rest_route=%2Fwp%2Fv2%2Fcomments&post=8"}],"version-history":[{"count":34,"href":"https:\/\/pfmbrestoise.com\/index.php?rest_route=\/wp\/v2\/pages\/8\/revisions"}],"predecessor-version":[{"id":269,"href":"https:\/\/pfmbrestoise.com\/index.php?rest_route=\/wp\/v2\/pages\/8\/revisions\/269"}],"wp:featuredmedia":[{"embeddable":true,"href":"https:\/\/pfmbrestoise.com\/index.php?rest_route=\/wp\/v2\/media\/144"}],"wp:attachment":[{"href":"https:\/\/pfmbrestoise.com\/index.php?rest_route=%2Fwp%2Fv2%2Fmedia&parent=8"}],"curies":[{"name":"wp","href":"https:\/\/api.w.org\/{rel}","templated":true}]}}