{"id":83,"date":"2016-08-28T21:58:18","date_gmt":"2016-08-28T20:58:18","guid":{"rendered":"http:\/\/pfmdebretagne.com\/?page_id=83"},"modified":"2018-04-29T10:50:04","modified_gmt":"2018-04-29T09:50:04","slug":"inhumation","status":"publish","type":"page","link":"https:\/\/pfmbrestoise.com\/?page_id=83","title":{"rendered":"Inhumation"},"content":{"rendered":"<h3><img loading=\"lazy\" class=\"aligncenter wp-image-27\" src=\"http:\/\/pfmdebretagne.com\/wp-content\/uploads\/2016\/07\/cropped-site-pfm-2-300x129.jpg\" alt=\"cropped-site-pfm-2.jpg\" width=\"601\" height=\"258\" srcset=\"https:\/\/pfmbrestoise.com\/wp-content\/uploads\/2016\/07\/cropped-site-pfm-2-300x129.jpg 300w, https:\/\/pfmbrestoise.com\/wp-content\/uploads\/2016\/07\/cropped-site-pfm-2-768x329.jpg 768w, https:\/\/pfmbrestoise.com\/wp-content\/uploads\/2016\/07\/cropped-site-pfm-2-1024x439.jpg 1024w, https:\/\/pfmbrestoise.com\/wp-content\/uploads\/2016\/07\/cropped-site-pfm-2.jpg 1680w\" sizes=\"(max-width: 601px) 100vw, 601px\" \/><\/h3>\n<h3 style=\"text-align: center;\"><\/h3>\n<h3 style=\"text-align: center;\">Si le d\u00e9funt doit \u00eatre inhum\u00e9 en France, nous assurons :<\/h3>\n<p>&nbsp;<\/p>\n<h4>-Les d\u00e9marches administratives<\/h4>\n<h4>(la mairie, la police, le cimeti\u00e8re&#8230;)<\/h4>\n<p>&nbsp;<\/p>\n<h4>-La toilette rituelle peut \u00eatre effectu\u00e9e par nos soins<\/h4>\n<h4>(linceul et accessoires de lavage fournis)<\/h4>\n<h4><\/h4>\n<p>&nbsp;<\/p>\n<h4>-La pri\u00e8re fun\u00e9raire<\/h4>\n<h4>(Salat al Janaza r\u00e9alis\u00e9e selon le rite musulman)<\/h4>\n<p>&nbsp;<\/p>\n<h4>-Le transport vers le cimeti\u00e8re d\u2019inhumation au moyen d\u2019un v\u00e9hicule habilit\u00e9.<\/h4>\n<h4><\/h4>\n<p>&nbsp;<\/p>\n<h4>-Nous vous proposons de passer \u00e0 la mosqu\u00e9e.<\/h4>\n","protected":false},"excerpt":{"rendered":"<p>Si le d\u00e9funt doit \u00eatre inhum\u00e9 en France, nous assurons <a class=\"more-link\" href=\"https:\/\/pfmbrestoise.com\/?page_id=83\">Lire plus &#8230;<\/a><\/p>\n","protected":false},"author":1,"featured_media":0,"parent":14,"menu_order":0,"comment_status":"closed","ping_status":"closed","template":"","meta":{"spay_email":""},"jetpack_sharing_enabled":true,"jetpack_shortlink":"https:\/\/wp.me\/P7N8RK-1l","_links":{"self":[{"href":"https:\/\/pfmbrestoise.com\/index.php?rest_route=\/wp\/v2\/pages\/83"}],"collection":[{"href":"https:\/\/pfmbrestoise.com\/index.php?rest_route=\/wp\/v2\/pages"}],"about":[{"href":"https:\/\/pfmbrestoise.com\/index.php?rest_route=\/wp\/v2\/types\/page"}],"author":[{"embeddable":true,"href":"https:\/\/pfmbrestoise.com\/index.php?rest_route=\/wp\/v2\/users\/1"}],"replies":[{"embeddable":true,"href":"https:\/\/pfmbrestoise.com\/index.php?rest_route=%2Fwp%2Fv2%2Fcomments&post=83"}],"version-history":[{"count":16,"href":"https:\/\/pfmbrestoise.com\/index.php?rest_route=\/wp\/v2\/pages\/83\/revisions"}],"predecessor-version":[{"id":238,"href":"https:\/\/pfmbrestoise.com\/index.php?rest_route=\/wp\/v2\/pages\/83\/revisions\/238"}],"up":[{"embeddable":true,"href":"https:\/\/pfmbrestoise.com\/index.php?rest_route=\/wp\/v2\/pages\/14"}],"wp:attachment":[{"href":"https:\/\/pfmbrestoise.com\/index.php?rest_route=%2Fwp%2Fv2%2Fmedia&parent=83"}],"curies":[{"name":"wp","href":"https:\/\/api.w.org\/{rel}","templated":true}]}}