{"id":86,"date":"2016-08-28T22:00:01","date_gmt":"2016-08-28T21:00:01","guid":{"rendered":"http:\/\/pfmdebretagne.com\/?page_id=86"},"modified":"2018-04-29T10:50:50","modified_gmt":"2018-04-29T09:50:50","slug":"rapatriement","status":"publish","type":"page","link":"https:\/\/pfmbrestoise.com\/?page_id=86","title":{"rendered":"Rapatriement"},"content":{"rendered":"<h3><img loading=\"lazy\" class=\"wp-image-44 aligncenter\" src=\"http:\/\/pfmdebretagne.com\/wp-content\/uploads\/2016\/08\/slider2-1680x720-300x129.jpg\" alt=\"slider2-1680x720\" width=\"642\" height=\"276\" srcset=\"https:\/\/pfmbrestoise.com\/wp-content\/uploads\/2016\/08\/slider2-1680x720-300x129.jpg 300w, https:\/\/pfmbrestoise.com\/wp-content\/uploads\/2016\/08\/slider2-1680x720-768x329.jpg 768w, https:\/\/pfmbrestoise.com\/wp-content\/uploads\/2016\/08\/slider2-1680x720-1024x439.jpg 1024w, https:\/\/pfmbrestoise.com\/wp-content\/uploads\/2016\/08\/slider2-1680x720.jpg 1680w\" sizes=\"(max-width: 642px) 100vw, 642px\" \/><\/h3>\n<h3><\/h3>\n<h3 style=\"text-align: center;\">Si le d\u00e9funt doit \u00eatre inhum\u00e9 dans sa terre natale ou dans son pays d\u2019origine, nous assurons :<\/h3>\n<p>&nbsp;<\/p>\n<h4 style=\"text-align: left;\">-Les d\u00e9marches administratives<\/h4>\n<h4 style=\"text-align: left;\">(mairie, consulat, sous-pr\u00e9fecture, fret a\u00e9rien, etc&#8230;)<\/h4>\n<h4 style=\"text-align: left;\"><\/h4>\n<p>&nbsp;<\/p>\n<h4>-La toilette rituelle peut \u00eatre effectu\u00e9e par nos soins<\/h4>\n<h4>(linceul et accessoires de lavage fournis)<\/h4>\n<h4 style=\"text-align: left;\"><\/h4>\n<p>&nbsp;<\/p>\n<h4 style=\"text-align: left;\">-La pri\u00e8re fun\u00e9raire<\/h4>\n<h4 style=\"text-align: left;\">(Salat Al Janaza r\u00e9alis\u00e9e selon le rite musulman)<\/h4>\n<h4 style=\"text-align: left;\"><\/h4>\n<p>&nbsp;<\/p>\n<h4 style=\"text-align: left;\">-Le transport vers l&rsquo;a\u00e9roport au moyen d\u2019un v\u00e9hicule habilit\u00e9.<\/h4>\n","protected":false},"excerpt":{"rendered":"<p>Si le d\u00e9funt doit \u00eatre inhum\u00e9 dans sa terre natale <a class=\"more-link\" href=\"https:\/\/pfmbrestoise.com\/?page_id=86\">Lire plus &#8230;<\/a><\/p>\n","protected":false},"author":1,"featured_media":145,"parent":14,"menu_order":0,"comment_status":"closed","ping_status":"closed","template":"","meta":{"spay_email":""},"jetpack_sharing_enabled":true,"jetpack_shortlink":"https:\/\/wp.me\/P7N8RK-1o","_links":{"self":[{"href":"https:\/\/pfmbrestoise.com\/index.php?rest_route=\/wp\/v2\/pages\/86"}],"collection":[{"href":"https:\/\/pfmbrestoise.com\/index.php?rest_route=\/wp\/v2\/pages"}],"about":[{"href":"https:\/\/pfmbrestoise.com\/index.php?rest_route=\/wp\/v2\/types\/page"}],"author":[{"embeddable":true,"href":"https:\/\/pfmbrestoise.com\/index.php?rest_route=\/wp\/v2\/users\/1"}],"replies":[{"embeddable":true,"href":"https:\/\/pfmbrestoise.com\/index.php?rest_route=%2Fwp%2Fv2%2Fcomments&post=86"}],"version-history":[{"count":12,"href":"https:\/\/pfmbrestoise.com\/index.php?rest_route=\/wp\/v2\/pages\/86\/revisions"}],"predecessor-version":[{"id":239,"href":"https:\/\/pfmbrestoise.com\/index.php?rest_route=\/wp\/v2\/pages\/86\/revisions\/239"}],"up":[{"embeddable":true,"href":"https:\/\/pfmbrestoise.com\/index.php?rest_route=\/wp\/v2\/pages\/14"}],"wp:featuredmedia":[{"embeddable":true,"href":"https:\/\/pfmbrestoise.com\/index.php?rest_route=\/wp\/v2\/media\/145"}],"wp:attachment":[{"href":"https:\/\/pfmbrestoise.com\/index.php?rest_route=%2Fwp%2Fv2%2Fmedia&parent=86"}],"curies":[{"name":"wp","href":"https:\/\/api.w.org\/{rel}","templated":true}]}}